{"id":271,"date":"2024-10-05T16:56:11","date_gmt":"2024-10-05T16:56:11","guid":{"rendered":"https:\/\/lucaoccelli.com\/?post_type=product&#038;p=271"},"modified":"2024-10-06T18:51:54","modified_gmt":"2024-10-06T18:51:54","slug":"programma-suit-able-counselling-aziendale","status":"publish","type":"product","link":"https:\/\/lucaoccelli.com\/it\/prodotto\/programma-suit-able-counselling-aziendale\/","title":{"rendered":"Programma Suit-Able &#8211; Counselling aziendale"},"content":{"rendered":"<p>Un ambiente lavorativo sereno dove gli impiegati sono felici \u00e8 un luogo dove questi daranno il meglio di loro e conseguentemente la ditta sar\u00e0 pi\u00f9 produttiva e i profitti aumenteranno.<\/p>\n<p>Il programma \u00e8 strutturato in modo da fornire ai partecipanti le conoscenze e gli strumenti per sentirsi il meglio possibile con se stessi, nell&#8217;organizzazione e per essere maggiormente coinvolti, appassionati e produttivi!<\/p>\n<p>Alcuni degli argomenti trattari sono i seguenti:<\/p>\n<p>Le A B C della consapevolezza<\/p>\n<p>Come fare parte di una organizzazione e aumentare la propria autenticit\u00e0 e l&#8217;entusiasmo<\/p>\n<p>Utilizzare i conflitti interni ed esterni per il bene comune<\/p>\n<p>Come creare un&#8217;atmosfera famigliare sul posto di lavoro<\/p>\n<p>Creare standard e obbiettivi comuni<\/p>\n<p>Come lavorare insieme per manifestare il risultato ottimale per ognuno<\/p>\n<p>Come rendere il massimo delle proprie potenzialit\u00e0 considerando il lavoro come un modo per esprimere le proprie uniche e autentiche qualit\u00e0.<\/p>\n","protected":false},"excerpt":{"rendered":"<p>Un corso per aiutare i datori di lavoro e dipendenti trovare la chiave per lavorare felicemente e creativamente insieme all&#8217;interno di un&#8217;organizzazione. Per incoraggiare il personale a prendere in considerazione &#8220;un lavoro&#8221; come qualcosa di piacevole, soddisfacente e un&#8217;espressione di chi sono veramente.<\/p>\n","protected":false},"featured_media":11839,"template":"","meta":[],"product_brand":[],"product_cat":[32],"product_tag":[],"class_list":{"0":"post-271","1":"product","2":"type-product","3":"status-publish","4":"has-post-thumbnail","6":"product_cat-programmi-di-coaching","8":"first","9":"instock","10":"virtual","11":"purchasable","12":"product-type-simple"},"yoast_head":"<!-- This site is optimized with the Yoast SEO plugin v27.1.1 - https:\/\/yoast.com\/product\/yoast-seo-wordpress\/ -->\n<title>Programma Suit-Able - Counselling aziendale - Luca Occelli<\/title>\n<meta name=\"robots\" content=\"index, follow, max-snippet:-1, max-image-preview:large, max-video-preview:-1\" \/>\n<link rel=\"canonical\" href=\"https:\/\/lucaoccelli.com\/it\/prodotto\/programma-suit-able-counselling-aziendale\/\" \/>\n<meta property=\"og:locale\" content=\"it_IT\" \/>\n<meta property=\"og:type\" content=\"article\" \/>\n<meta property=\"og:title\" content=\"Programma Suit-Able - Counselling aziendale - Luca Occelli\" \/>\n<meta property=\"og:description\" content=\"Un corso per aiutare i datori di lavoro e dipendenti trovare la chiave per lavorare felicemente e creativamente insieme all&#039;interno di un&#039;organizzazione. Per incoraggiare il personale a prendere in considerazione &quot;un lavoro&quot; come qualcosa di piacevole, soddisfacente e un&#039;espressione di chi sono veramente.\" \/>\n<meta property=\"og:url\" content=\"https:\/\/lucaoccelli.com\/it\/prodotto\/programma-suit-able-counselling-aziendale\/\" \/>\n<meta property=\"og:site_name\" content=\"Luca Occelli\" \/>\n<meta property=\"article:modified_time\" content=\"2024-10-06T18:51:54+00:00\" \/>\n<meta property=\"og:image\" content=\"https:\/\/lucaoccelli.com\/wp-content\/uploads\/2024\/10\/DALL\u00b7E-2024-10-06-18.53.57-A-serene-and-interconnected-image-representing-family-constellations-in-a-corporate-business-setting-with-soft-cream-beige-and-grey-tones.-The-desig.webp\" \/>\n\t<meta property=\"og:image:width\" content=\"1024\" \/>\n\t<meta property=\"og:image:height\" content=\"1024\" \/>\n\t<meta property=\"og:image:type\" content=\"image\/webp\" \/>\n<meta name=\"twitter:card\" content=\"summary_large_image\" \/>\n<meta name=\"twitter:label1\" content=\"Tempo di lettura stimato\" \/>\n\t<meta name=\"twitter:data1\" content=\"1 minuto\" \/>\n<script type=\"application\/ld+json\" class=\"yoast-schema-graph\">{\"@context\":\"https:\/\/schema.org\",\"@graph\":[{\"@type\":\"WebPage\",\"@id\":\"https:\/\/lucaoccelli.com\/it\/prodotto\/programma-suit-able-counselling-aziendale\/\",\"url\":\"https:\/\/lucaoccelli.com\/it\/prodotto\/programma-suit-able-counselling-aziendale\/\",\"name\":\"Programma Suit-Able - Counselling aziendale - Luca Occelli\",\"isPartOf\":{\"@id\":\"https:\/\/lucaoccelli.com\/#website\"},\"primaryImageOfPage\":{\"@id\":\"https:\/\/lucaoccelli.com\/it\/prodotto\/programma-suit-able-counselling-aziendale\/#primaryimage\"},\"image\":{\"@id\":\"https:\/\/lucaoccelli.com\/it\/prodotto\/programma-suit-able-counselling-aziendale\/#primaryimage\"},\"thumbnailUrl\":\"https:\/\/lucaoccelli.com\/wp-content\/uploads\/2024\/10\/DALL\u00b7E-2024-10-06-18.53.57-A-serene-and-interconnected-image-representing-family-constellations-in-a-corporate-business-setting-with-soft-cream-beige-and-grey-tones.-The-desig.webp\",\"datePublished\":\"2024-10-05T16:56:11+00:00\",\"dateModified\":\"2024-10-06T18:51:54+00:00\",\"breadcrumb\":{\"@id\":\"https:\/\/lucaoccelli.com\/it\/prodotto\/programma-suit-able-counselling-aziendale\/#breadcrumb\"},\"inLanguage\":\"it-IT\",\"potentialAction\":[{\"@type\":\"ReadAction\",\"target\":[\"https:\/\/lucaoccelli.com\/it\/prodotto\/programma-suit-able-counselling-aziendale\/\"]}]},{\"@type\":\"ImageObject\",\"inLanguage\":\"it-IT\",\"@id\":\"https:\/\/lucaoccelli.com\/it\/prodotto\/programma-suit-able-counselling-aziendale\/#primaryimage\",\"url\":\"https:\/\/lucaoccelli.com\/wp-content\/uploads\/2024\/10\/DALL\u00b7E-2024-10-06-18.53.57-A-serene-and-interconnected-image-representing-family-constellations-in-a-corporate-business-setting-with-soft-cream-beige-and-grey-tones.-The-desig.webp\",\"contentUrl\":\"https:\/\/lucaoccelli.com\/wp-content\/uploads\/2024\/10\/DALL\u00b7E-2024-10-06-18.53.57-A-serene-and-interconnected-image-representing-family-constellations-in-a-corporate-business-setting-with-soft-cream-beige-and-grey-tones.-The-desig.webp\",\"width\":1024,\"height\":1024},{\"@type\":\"BreadcrumbList\",\"@id\":\"https:\/\/lucaoccelli.com\/it\/prodotto\/programma-suit-able-counselling-aziendale\/#breadcrumb\",\"itemListElement\":[{\"@type\":\"ListItem\",\"position\":1,\"name\":\"Home\",\"item\":\"https:\/\/lucaoccelli.com\/it\/\"},{\"@type\":\"ListItem\",\"position\":2,\"name\":\"CONSULENZE E PROGRAMMI\",\"item\":\"https:\/\/lucaoccelli.com\/consulting-and-programs-2\/\"},{\"@type\":\"ListItem\",\"position\":3,\"name\":\"Programma Suit-Able &#8211; Counselling aziendale\"}]},{\"@type\":\"WebSite\",\"@id\":\"https:\/\/lucaoccelli.com\/#website\",\"url\":\"https:\/\/lucaoccelli.com\/\",\"name\":\"Luca Occelli\",\"description\":\"\",\"publisher\":{\"@id\":\"https:\/\/lucaoccelli.com\/#organization\"},\"potentialAction\":[{\"@type\":\"SearchAction\",\"target\":{\"@type\":\"EntryPoint\",\"urlTemplate\":\"https:\/\/lucaoccelli.com\/?s={search_term_string}\"},\"query-input\":{\"@type\":\"PropertyValueSpecification\",\"valueRequired\":true,\"valueName\":\"search_term_string\"}}],\"inLanguage\":\"it-IT\"},{\"@type\":\"Organization\",\"@id\":\"https:\/\/lucaoccelli.com\/#organization\",\"name\":\"Luca Occelli\",\"url\":\"https:\/\/lucaoccelli.com\/\",\"logo\":{\"@type\":\"ImageObject\",\"inLanguage\":\"it-IT\",\"@id\":\"https:\/\/lucaoccelli.com\/#\/schema\/logo\/image\/\",\"url\":\"https:\/\/lucaoccelli.com\/wp-content\/uploads\/2024\/09\/Untitled-Project-4.png\",\"contentUrl\":\"https:\/\/lucaoccelli.com\/wp-content\/uploads\/2024\/09\/Untitled-Project-4.png\",\"width\":2546,\"height\":429,\"caption\":\"Luca Occelli\"},\"image\":{\"@id\":\"https:\/\/lucaoccelli.com\/#\/schema\/logo\/image\/\"}}]}<\/script>\n<!-- \/ Yoast SEO plugin. -->","yoast_head_json":{"title":"Programma Suit-Able - Counselling aziendale - Luca Occelli","robots":{"index":"index","follow":"follow","max-snippet":"max-snippet:-1","max-image-preview":"max-image-preview:large","max-video-preview":"max-video-preview:-1"},"canonical":"https:\/\/lucaoccelli.com\/it\/prodotto\/programma-suit-able-counselling-aziendale\/","og_locale":"it_IT","og_type":"article","og_title":"Programma Suit-Able - Counselling aziendale - Luca Occelli","og_description":"Un corso per aiutare i datori di lavoro e dipendenti trovare la chiave per lavorare felicemente e creativamente insieme all'interno di un'organizzazione. Per incoraggiare il personale a prendere in considerazione \"un lavoro\" come qualcosa di piacevole, soddisfacente e un'espressione di chi sono veramente.","og_url":"https:\/\/lucaoccelli.com\/it\/prodotto\/programma-suit-able-counselling-aziendale\/","og_site_name":"Luca Occelli","article_modified_time":"2024-10-06T18:51:54+00:00","og_image":[{"width":1024,"height":1024,"url":"https:\/\/lucaoccelli.com\/wp-content\/uploads\/2024\/10\/DALL\u00b7E-2024-10-06-18.53.57-A-serene-and-interconnected-image-representing-family-constellations-in-a-corporate-business-setting-with-soft-cream-beige-and-grey-tones.-The-desig.webp","type":"image\/webp"}],"twitter_card":"summary_large_image","twitter_misc":{"Tempo di lettura stimato":"1 minuto"},"schema":{"@context":"https:\/\/schema.org","@graph":[{"@type":"WebPage","@id":"https:\/\/lucaoccelli.com\/it\/prodotto\/programma-suit-able-counselling-aziendale\/","url":"https:\/\/lucaoccelli.com\/it\/prodotto\/programma-suit-able-counselling-aziendale\/","name":"Programma Suit-Able - Counselling aziendale - Luca Occelli","isPartOf":{"@id":"https:\/\/lucaoccelli.com\/#website"},"primaryImageOfPage":{"@id":"https:\/\/lucaoccelli.com\/it\/prodotto\/programma-suit-able-counselling-aziendale\/#primaryimage"},"image":{"@id":"https:\/\/lucaoccelli.com\/it\/prodotto\/programma-suit-able-counselling-aziendale\/#primaryimage"},"thumbnailUrl":"https:\/\/lucaoccelli.com\/wp-content\/uploads\/2024\/10\/DALL\u00b7E-2024-10-06-18.53.57-A-serene-and-interconnected-image-representing-family-constellations-in-a-corporate-business-setting-with-soft-cream-beige-and-grey-tones.-The-desig.webp","datePublished":"2024-10-05T16:56:11+00:00","dateModified":"2024-10-06T18:51:54+00:00","breadcrumb":{"@id":"https:\/\/lucaoccelli.com\/it\/prodotto\/programma-suit-able-counselling-aziendale\/#breadcrumb"},"inLanguage":"it-IT","potentialAction":[{"@type":"ReadAction","target":["https:\/\/lucaoccelli.com\/it\/prodotto\/programma-suit-able-counselling-aziendale\/"]}]},{"@type":"ImageObject","inLanguage":"it-IT","@id":"https:\/\/lucaoccelli.com\/it\/prodotto\/programma-suit-able-counselling-aziendale\/#primaryimage","url":"https:\/\/lucaoccelli.com\/wp-content\/uploads\/2024\/10\/DALL\u00b7E-2024-10-06-18.53.57-A-serene-and-interconnected-image-representing-family-constellations-in-a-corporate-business-setting-with-soft-cream-beige-and-grey-tones.-The-desig.webp","contentUrl":"https:\/\/lucaoccelli.com\/wp-content\/uploads\/2024\/10\/DALL\u00b7E-2024-10-06-18.53.57-A-serene-and-interconnected-image-representing-family-constellations-in-a-corporate-business-setting-with-soft-cream-beige-and-grey-tones.-The-desig.webp","width":1024,"height":1024},{"@type":"BreadcrumbList","@id":"https:\/\/lucaoccelli.com\/it\/prodotto\/programma-suit-able-counselling-aziendale\/#breadcrumb","itemListElement":[{"@type":"ListItem","position":1,"name":"Home","item":"https:\/\/lucaoccelli.com\/it\/"},{"@type":"ListItem","position":2,"name":"CONSULENZE E PROGRAMMI","item":"https:\/\/lucaoccelli.com\/consulting-and-programs-2\/"},{"@type":"ListItem","position":3,"name":"Programma Suit-Able &#8211; Counselling aziendale"}]},{"@type":"WebSite","@id":"https:\/\/lucaoccelli.com\/#website","url":"https:\/\/lucaoccelli.com\/","name":"Luca Occelli","description":"","publisher":{"@id":"https:\/\/lucaoccelli.com\/#organization"},"potentialAction":[{"@type":"SearchAction","target":{"@type":"EntryPoint","urlTemplate":"https:\/\/lucaoccelli.com\/?s={search_term_string}"},"query-input":{"@type":"PropertyValueSpecification","valueRequired":true,"valueName":"search_term_string"}}],"inLanguage":"it-IT"},{"@type":"Organization","@id":"https:\/\/lucaoccelli.com\/#organization","name":"Luca Occelli","url":"https:\/\/lucaoccelli.com\/","logo":{"@type":"ImageObject","inLanguage":"it-IT","@id":"https:\/\/lucaoccelli.com\/#\/schema\/logo\/image\/","url":"https:\/\/lucaoccelli.com\/wp-content\/uploads\/2024\/09\/Untitled-Project-4.png","contentUrl":"https:\/\/lucaoccelli.com\/wp-content\/uploads\/2024\/09\/Untitled-Project-4.png","width":2546,"height":429,"caption":"Luca Occelli"},"image":{"@id":"https:\/\/lucaoccelli.com\/#\/schema\/logo\/image\/"}}]}},"_links":{"self":[{"href":"https:\/\/lucaoccelli.com\/it\/wp-json\/wp\/v2\/product\/271","targetHints":{"allow":["GET"]}}],"collection":[{"href":"https:\/\/lucaoccelli.com\/it\/wp-json\/wp\/v2\/product"}],"about":[{"href":"https:\/\/lucaoccelli.com\/it\/wp-json\/wp\/v2\/types\/product"}],"wp:featuredmedia":[{"embeddable":true,"href":"https:\/\/lucaoccelli.com\/it\/wp-json\/wp\/v2\/media\/11839"}],"wp:attachment":[{"href":"https:\/\/lucaoccelli.com\/it\/wp-json\/wp\/v2\/media?parent=271"}],"wp:term":[{"taxonomy":"product_brand","embeddable":true,"href":"https:\/\/lucaoccelli.com\/it\/wp-json\/wp\/v2\/product_brand?post=271"},{"taxonomy":"product_cat","embeddable":true,"href":"https:\/\/lucaoccelli.com\/it\/wp-json\/wp\/v2\/product_cat?post=271"},{"taxonomy":"product_tag","embeddable":true,"href":"https:\/\/lucaoccelli.com\/it\/wp-json\/wp\/v2\/product_tag?post=271"}],"curies":[{"name":"wp","href":"https:\/\/api.w.org\/{rel}","templated":true}]}}