{"id":12191,"date":"2024-10-17T17:30:24","date_gmt":"2024-10-17T17:30:24","guid":{"rendered":"https:\/\/lucaoccelli.com\/?post_type=product&#038;p=12191"},"modified":"2024-10-17T17:31:39","modified_gmt":"2024-10-17T17:31:39","slug":"video-corso-autostima-e-fiducia","status":"publish","type":"product","link":"https:\/\/lucaoccelli.com\/it\/prodotto\/video-corso-autostima-e-fiducia\/","title":{"rendered":"Video Corso autostima e fiducia"},"content":{"rendered":"<p>Il corso \u00e8 stato creato per aumentare il livello di autostima e fiducia verso se stessi, gli altri e la vita in generale. Nasce da anni di esperienza personale e professionale durante i quali gli elementi pi\u00f9 determinanti per poter costruire una solida autostima e fiducia sono chiaramente emersi. Con le informazioni e gli esercizi guidati da me e consigliati durante il corso \u00e8 possibile aumentare il proprio livello di autostima e vivere una vita pi\u00f9 serena e consapevole. Questo permetter\u00e0 di soddisfare i propri desideri pi\u00f9 autentici e aumentare la fiducia in se stessi, negli altri e nella vita. Chiunque pu\u00f2 beneficiarne. Indipendentemente dal livello di autostima che hai, sia che non ne hai quasi niente o che ne vorresti avere di pi\u00f9 il corso ti fornisce gli strumenti pratici per lavorare a livello conscio e subconscio.<\/p>\n<div class=\"et_pb_module et_pb_text et_pb_text_6_tb_body et_pb_text_align_left et_pb_bg_layout_light\">\n<div class=\"et_pb_text_inner\">\n<h2>Questo corso include<\/h2>\n<\/div>\n<\/div>\n<div class=\"et_pb_module et_pb_blurb et_pb_blurb_0_tb_body et_pb_text_align_left et_pb_blurb_position_left et_pb_bg_layout_light\">\n<div class=\"et_pb_blurb_content\">\n<div class=\"et_pb_main_blurb_image\"><span class=\"et_pb_image_wrap et_pb_only_image_mode_wrap\"><img decoding=\"async\" class=\"et-waypoint et_pb_animation_top et_pb_animation_top_tablet et_pb_animation_top_phone wp-image-1649 et-animated\" src=\"https:\/\/test.lucaoccelli.com\/wp-content\/uploads\/2023\/03\/smart_display_FILL0_wght400_GRAD0_opsz48.svg\" alt=\"\" width=\"48\" height=\"48\" \/><\/span><\/div>\n<div class=\"et_pb_blurb_container\">\n<p>2 ore\u00a0 di video<\/p>\n<\/div>\n<\/div>\n<\/div>\n<div class=\"et_pb_module et_pb_blurb et_pb_blurb_1_tb_body et_pb_text_align_left et_pb_blurb_position_left et_pb_bg_layout_light\">\n<div class=\"et_pb_blurb_content\">\n<div class=\"et_pb_main_blurb_image\"><span class=\"et_pb_image_wrap et_pb_only_image_mode_wrap\"><img decoding=\"async\" class=\"et-waypoint et_pb_animation_top et_pb_animation_top_tablet et_pb_animation_top_phone wp-image-1652 et-animated\" src=\"https:\/\/test.lucaoccelli.com\/wp-content\/uploads\/2023\/03\/description_FILL0_wght400_GRAD0_opsz48.svg\" alt=\"\" width=\"48\" height=\"48\" \/><\/span><\/div>\n<div class=\"et_pb_blurb_container\">\n<p>3 articoli<\/p>\n<\/div>\n<\/div>\n<\/div>\n<div class=\"et_pb_module et_pb_blurb et_pb_blurb_2_tb_body et_pb_text_align_left et_pb_blurb_position_left et_pb_bg_layout_light\">\n<div class=\"et_pb_blurb_content\">\n<div class=\"et_pb_main_blurb_image\"><span class=\"et_pb_image_wrap et_pb_only_image_mode_wrap\"><img decoding=\"async\" class=\"et-waypoint et_pb_animation_top et_pb_animation_top_tablet et_pb_animation_top_phone wp-image-1653 et-animated\" src=\"https:\/\/test.lucaoccelli.com\/wp-content\/uploads\/2023\/03\/smartphone_FILL0_wght400_GRAD0_opsz48.svg\" alt=\"\" width=\"48\" height=\"48\" \/><\/span><\/div>\n<div class=\"et_pb_blurb_container\">\n<p>Accesso su dispositivo mobile<\/p>\n<\/div>\n<\/div>\n<\/div>\n<div class=\"et_pb_module et_pb_blurb et_pb_blurb_3_tb_body et_pb_text_align_left et_pb_blurb_position_left et_pb_bg_layout_light\">\n<div class=\"et_pb_blurb_content\">\n<div class=\"et_pb_main_blurb_image\"><span class=\"et_pb_image_wrap et_pb_only_image_mode_wrap\"><img loading=\"lazy\" decoding=\"async\" class=\"et-waypoint et_pb_animation_top et_pb_animation_top_tablet et_pb_animation_top_phone wp-image-1654 et-animated\" src=\"https:\/\/test.lucaoccelli.com\/wp-content\/uploads\/2023\/03\/all_inclusive_FILL0_wght400_GRAD0_opsz48.svg\" alt=\"\" width=\"48\" height=\"48\" \/><\/span><\/div>\n<div class=\"et_pb_blurb_container\">\n<p>Accesso illimitato al corso completo<\/p>\n<\/div>\n<\/div>\n<\/div>\n<div class=\"et_pb_module et_pb_blurb et_pb_blurb_4_tb_body et_pb_text_align_left et_pb_blurb_position_left et_pb_bg_layout_light\">\n<div class=\"et_pb_blurb_content\">\n<div class=\"et_pb_blurb_container\">\n<p>&nbsp;<\/p>\n<\/div>\n<\/div>\n<\/div>\n<div class=\"et_pb_module et_pb_text et_pb_text_0_tb_body et_pb_text_align_left et_pb_bg_layout_light\">\n<div class=\"et_pb_text_inner\">\n<h2>Cosa imparerai nel corso<\/h2>\n<\/div>\n<\/div>\n<div class=\"et_pb_with_border et_pb_module et_pb_text et_pb_text_1_tb_body et_pb_text_align_left et_pb_bg_layout_light\">\n<div class=\"et_pb_text_inner\">\n<p>\u2714 Quando e come l\u2019autostima e la fiducia hanno cominciato a formarsi<\/p>\n<\/div>\n<\/div>\n<div class=\"et_pb_with_border et_pb_module et_pb_text et_pb_text_2_tb_body et_pb_text_align_left et_pb_bg_layout_light\">\n<div class=\"et_pb_text_inner\">\n<p>\u2714 Come cambiare apprendimenti e abitudini limitanti<\/p>\n<\/div>\n<\/div>\n<div class=\"et_pb_with_border et_pb_module et_pb_text et_pb_text_3_tb_body et_pb_text_align_left et_pb_bg_layout_light\">\n<div class=\"et_pb_text_inner\">\n<p>\u2714Come migliorare l\u2019autostima e la fiducia focalizzandosi regolarmente sull\u2019area attentava, comunicativa, emotiva e comportamentale<\/p>\n<\/div>\n<\/div>\n<div class=\"et_pb_with_border et_pb_module et_pb_text et_pb_text_4_tb_body et_pb_text_align_left et_pb_bg_layout_light\">\n<div class=\"et_pb_text_inner\">\n<p>\u2714 Quanto le relazioni interpersonali possono influenzare l\u2019autostima e come comportarsi di conseguenza per aumentarla.<\/p>\n<\/div>\n<\/div>\n<p>&nbsp;<\/p>\n","protected":false},"excerpt":{"rendered":"<p>Il corso \u00e8 stato creato per aumentare il livello di autostima e fiducia verso se stessi, gli altri e la vita in generale. Nasce da anni di esperienza personale e professionale durante i quali gli elementi pi\u00f9 determinanti per poter costruire una solida autostima e fiducia sono chiaramente emersi.<\/p>\n","protected":false},"featured_media":11831,"template":"","meta":[],"product_brand":[],"product_cat":[35],"product_tag":[36],"class_list":{"0":"post-12191","1":"product","2":"type-product","3":"status-publish","4":"has-post-thumbnail","6":"product_cat-video-corsi","7":"product_tag-video-corso","9":"first","10":"instock","11":"downloadable","12":"virtual","13":"purchasable","14":"product-type-simple"},"yoast_head":"<!-- This site is optimized with the Yoast SEO plugin v27.1.1 - https:\/\/yoast.com\/product\/yoast-seo-wordpress\/ -->\n<title>Video Corso autostima e fiducia - Luca Occelli<\/title>\n<meta name=\"robots\" content=\"index, follow, max-snippet:-1, max-image-preview:large, max-video-preview:-1\" \/>\n<link rel=\"canonical\" href=\"https:\/\/lucaoccelli.com\/it\/prodotto\/video-corso-autostima-e-fiducia\/\" \/>\n<meta property=\"og:locale\" content=\"it_IT\" \/>\n<meta property=\"og:type\" content=\"article\" \/>\n<meta property=\"og:title\" content=\"Video Corso autostima e fiducia - Luca Occelli\" \/>\n<meta property=\"og:description\" content=\"Il corso \u00e8 stato creato per aumentare il livello di autostima e fiducia verso se stessi, gli altri e la vita in generale. Nasce da anni di esperienza personale e professionale durante i quali gli elementi pi\u00f9 determinanti per poter costruire una solida autostima e fiducia sono chiaramente emersi.\" \/>\n<meta property=\"og:url\" content=\"https:\/\/lucaoccelli.com\/it\/prodotto\/video-corso-autostima-e-fiducia\/\" \/>\n<meta property=\"og:site_name\" content=\"Luca Occelli\" \/>\n<meta property=\"article:modified_time\" content=\"2024-10-17T17:31:39+00:00\" \/>\n<meta property=\"og:image\" content=\"https:\/\/lucaoccelli.com\/wp-content\/uploads\/2024\/10\/DALL\u00b7E-2024-10-06-18.41.58-A-serene-and-inspiring-image-representing-self-esteem-and-trust-designed-with-soft-cream-and-gray-tones.-The-background-should-have-light-abstract-pa.webp\" \/>\n\t<meta property=\"og:image:width\" content=\"1024\" \/>\n\t<meta property=\"og:image:height\" content=\"1024\" \/>\n\t<meta property=\"og:image:type\" content=\"image\/webp\" \/>\n<meta name=\"twitter:card\" content=\"summary_large_image\" \/>\n<meta name=\"twitter:label1\" content=\"Tempo di lettura stimato\" \/>\n\t<meta name=\"twitter:data1\" content=\"1 minuto\" \/>\n<script type=\"application\/ld+json\" class=\"yoast-schema-graph\">{\"@context\":\"https:\/\/schema.org\",\"@graph\":[{\"@type\":\"WebPage\",\"@id\":\"https:\/\/lucaoccelli.com\/it\/prodotto\/video-corso-autostima-e-fiducia\/\",\"url\":\"https:\/\/lucaoccelli.com\/it\/prodotto\/video-corso-autostima-e-fiducia\/\",\"name\":\"Video Corso autostima e fiducia - Luca Occelli\",\"isPartOf\":{\"@id\":\"https:\/\/lucaoccelli.com\/#website\"},\"primaryImageOfPage\":{\"@id\":\"https:\/\/lucaoccelli.com\/it\/prodotto\/video-corso-autostima-e-fiducia\/#primaryimage\"},\"image\":{\"@id\":\"https:\/\/lucaoccelli.com\/it\/prodotto\/video-corso-autostima-e-fiducia\/#primaryimage\"},\"thumbnailUrl\":\"https:\/\/lucaoccelli.com\/wp-content\/uploads\/2024\/10\/DALL\u00b7E-2024-10-06-18.41.58-A-serene-and-inspiring-image-representing-self-esteem-and-trust-designed-with-soft-cream-and-gray-tones.-The-background-should-have-light-abstract-pa.webp\",\"datePublished\":\"2024-10-17T17:30:24+00:00\",\"dateModified\":\"2024-10-17T17:31:39+00:00\",\"breadcrumb\":{\"@id\":\"https:\/\/lucaoccelli.com\/it\/prodotto\/video-corso-autostima-e-fiducia\/#breadcrumb\"},\"inLanguage\":\"it-IT\",\"potentialAction\":[{\"@type\":\"ReadAction\",\"target\":[\"https:\/\/lucaoccelli.com\/it\/prodotto\/video-corso-autostima-e-fiducia\/\"]}]},{\"@type\":\"ImageObject\",\"inLanguage\":\"it-IT\",\"@id\":\"https:\/\/lucaoccelli.com\/it\/prodotto\/video-corso-autostima-e-fiducia\/#primaryimage\",\"url\":\"https:\/\/lucaoccelli.com\/wp-content\/uploads\/2024\/10\/DALL\u00b7E-2024-10-06-18.41.58-A-serene-and-inspiring-image-representing-self-esteem-and-trust-designed-with-soft-cream-and-gray-tones.-The-background-should-have-light-abstract-pa.webp\",\"contentUrl\":\"https:\/\/lucaoccelli.com\/wp-content\/uploads\/2024\/10\/DALL\u00b7E-2024-10-06-18.41.58-A-serene-and-inspiring-image-representing-self-esteem-and-trust-designed-with-soft-cream-and-gray-tones.-The-background-should-have-light-abstract-pa.webp\",\"width\":1024,\"height\":1024},{\"@type\":\"BreadcrumbList\",\"@id\":\"https:\/\/lucaoccelli.com\/it\/prodotto\/video-corso-autostima-e-fiducia\/#breadcrumb\",\"itemListElement\":[{\"@type\":\"ListItem\",\"position\":1,\"name\":\"Home\",\"item\":\"https:\/\/lucaoccelli.com\/it\/\"},{\"@type\":\"ListItem\",\"position\":2,\"name\":\"CONSULENZE E PROGRAMMI\",\"item\":\"https:\/\/lucaoccelli.com\/consulting-and-programs-2\/\"},{\"@type\":\"ListItem\",\"position\":3,\"name\":\"Video Corso autostima e fiducia\"}]},{\"@type\":\"WebSite\",\"@id\":\"https:\/\/lucaoccelli.com\/#website\",\"url\":\"https:\/\/lucaoccelli.com\/\",\"name\":\"Luca Occelli\",\"description\":\"\",\"publisher\":{\"@id\":\"https:\/\/lucaoccelli.com\/#organization\"},\"potentialAction\":[{\"@type\":\"SearchAction\",\"target\":{\"@type\":\"EntryPoint\",\"urlTemplate\":\"https:\/\/lucaoccelli.com\/?s={search_term_string}\"},\"query-input\":{\"@type\":\"PropertyValueSpecification\",\"valueRequired\":true,\"valueName\":\"search_term_string\"}}],\"inLanguage\":\"it-IT\"},{\"@type\":\"Organization\",\"@id\":\"https:\/\/lucaoccelli.com\/#organization\",\"name\":\"Luca Occelli\",\"url\":\"https:\/\/lucaoccelli.com\/\",\"logo\":{\"@type\":\"ImageObject\",\"inLanguage\":\"it-IT\",\"@id\":\"https:\/\/lucaoccelli.com\/#\/schema\/logo\/image\/\",\"url\":\"https:\/\/lucaoccelli.com\/wp-content\/uploads\/2024\/09\/Untitled-Project-4.png\",\"contentUrl\":\"https:\/\/lucaoccelli.com\/wp-content\/uploads\/2024\/09\/Untitled-Project-4.png\",\"width\":2546,\"height\":429,\"caption\":\"Luca Occelli\"},\"image\":{\"@id\":\"https:\/\/lucaoccelli.com\/#\/schema\/logo\/image\/\"}}]}<\/script>\n<!-- \/ Yoast SEO plugin. -->","yoast_head_json":{"title":"Video Corso autostima e fiducia - Luca Occelli","robots":{"index":"index","follow":"follow","max-snippet":"max-snippet:-1","max-image-preview":"max-image-preview:large","max-video-preview":"max-video-preview:-1"},"canonical":"https:\/\/lucaoccelli.com\/it\/prodotto\/video-corso-autostima-e-fiducia\/","og_locale":"it_IT","og_type":"article","og_title":"Video Corso autostima e fiducia - Luca Occelli","og_description":"Il corso \u00e8 stato creato per aumentare il livello di autostima e fiducia verso se stessi, gli altri e la vita in generale. Nasce da anni di esperienza personale e professionale durante i quali gli elementi pi\u00f9 determinanti per poter costruire una solida autostima e fiducia sono chiaramente emersi.","og_url":"https:\/\/lucaoccelli.com\/it\/prodotto\/video-corso-autostima-e-fiducia\/","og_site_name":"Luca Occelli","article_modified_time":"2024-10-17T17:31:39+00:00","og_image":[{"width":1024,"height":1024,"url":"https:\/\/lucaoccelli.com\/wp-content\/uploads\/2024\/10\/DALL\u00b7E-2024-10-06-18.41.58-A-serene-and-inspiring-image-representing-self-esteem-and-trust-designed-with-soft-cream-and-gray-tones.-The-background-should-have-light-abstract-pa.webp","type":"image\/webp"}],"twitter_card":"summary_large_image","twitter_misc":{"Tempo di lettura stimato":"1 minuto"},"schema":{"@context":"https:\/\/schema.org","@graph":[{"@type":"WebPage","@id":"https:\/\/lucaoccelli.com\/it\/prodotto\/video-corso-autostima-e-fiducia\/","url":"https:\/\/lucaoccelli.com\/it\/prodotto\/video-corso-autostima-e-fiducia\/","name":"Video Corso autostima e fiducia - Luca Occelli","isPartOf":{"@id":"https:\/\/lucaoccelli.com\/#website"},"primaryImageOfPage":{"@id":"https:\/\/lucaoccelli.com\/it\/prodotto\/video-corso-autostima-e-fiducia\/#primaryimage"},"image":{"@id":"https:\/\/lucaoccelli.com\/it\/prodotto\/video-corso-autostima-e-fiducia\/#primaryimage"},"thumbnailUrl":"https:\/\/lucaoccelli.com\/wp-content\/uploads\/2024\/10\/DALL\u00b7E-2024-10-06-18.41.58-A-serene-and-inspiring-image-representing-self-esteem-and-trust-designed-with-soft-cream-and-gray-tones.-The-background-should-have-light-abstract-pa.webp","datePublished":"2024-10-17T17:30:24+00:00","dateModified":"2024-10-17T17:31:39+00:00","breadcrumb":{"@id":"https:\/\/lucaoccelli.com\/it\/prodotto\/video-corso-autostima-e-fiducia\/#breadcrumb"},"inLanguage":"it-IT","potentialAction":[{"@type":"ReadAction","target":["https:\/\/lucaoccelli.com\/it\/prodotto\/video-corso-autostima-e-fiducia\/"]}]},{"@type":"ImageObject","inLanguage":"it-IT","@id":"https:\/\/lucaoccelli.com\/it\/prodotto\/video-corso-autostima-e-fiducia\/#primaryimage","url":"https:\/\/lucaoccelli.com\/wp-content\/uploads\/2024\/10\/DALL\u00b7E-2024-10-06-18.41.58-A-serene-and-inspiring-image-representing-self-esteem-and-trust-designed-with-soft-cream-and-gray-tones.-The-background-should-have-light-abstract-pa.webp","contentUrl":"https:\/\/lucaoccelli.com\/wp-content\/uploads\/2024\/10\/DALL\u00b7E-2024-10-06-18.41.58-A-serene-and-inspiring-image-representing-self-esteem-and-trust-designed-with-soft-cream-and-gray-tones.-The-background-should-have-light-abstract-pa.webp","width":1024,"height":1024},{"@type":"BreadcrumbList","@id":"https:\/\/lucaoccelli.com\/it\/prodotto\/video-corso-autostima-e-fiducia\/#breadcrumb","itemListElement":[{"@type":"ListItem","position":1,"name":"Home","item":"https:\/\/lucaoccelli.com\/it\/"},{"@type":"ListItem","position":2,"name":"CONSULENZE E PROGRAMMI","item":"https:\/\/lucaoccelli.com\/consulting-and-programs-2\/"},{"@type":"ListItem","position":3,"name":"Video Corso autostima e fiducia"}]},{"@type":"WebSite","@id":"https:\/\/lucaoccelli.com\/#website","url":"https:\/\/lucaoccelli.com\/","name":"Luca Occelli","description":"","publisher":{"@id":"https:\/\/lucaoccelli.com\/#organization"},"potentialAction":[{"@type":"SearchAction","target":{"@type":"EntryPoint","urlTemplate":"https:\/\/lucaoccelli.com\/?s={search_term_string}"},"query-input":{"@type":"PropertyValueSpecification","valueRequired":true,"valueName":"search_term_string"}}],"inLanguage":"it-IT"},{"@type":"Organization","@id":"https:\/\/lucaoccelli.com\/#organization","name":"Luca Occelli","url":"https:\/\/lucaoccelli.com\/","logo":{"@type":"ImageObject","inLanguage":"it-IT","@id":"https:\/\/lucaoccelli.com\/#\/schema\/logo\/image\/","url":"https:\/\/lucaoccelli.com\/wp-content\/uploads\/2024\/09\/Untitled-Project-4.png","contentUrl":"https:\/\/lucaoccelli.com\/wp-content\/uploads\/2024\/09\/Untitled-Project-4.png","width":2546,"height":429,"caption":"Luca Occelli"},"image":{"@id":"https:\/\/lucaoccelli.com\/#\/schema\/logo\/image\/"}}]}},"_links":{"self":[{"href":"https:\/\/lucaoccelli.com\/it\/wp-json\/wp\/v2\/product\/12191","targetHints":{"allow":["GET"]}}],"collection":[{"href":"https:\/\/lucaoccelli.com\/it\/wp-json\/wp\/v2\/product"}],"about":[{"href":"https:\/\/lucaoccelli.com\/it\/wp-json\/wp\/v2\/types\/product"}],"wp:featuredmedia":[{"embeddable":true,"href":"https:\/\/lucaoccelli.com\/it\/wp-json\/wp\/v2\/media\/11831"}],"wp:attachment":[{"href":"https:\/\/lucaoccelli.com\/it\/wp-json\/wp\/v2\/media?parent=12191"}],"wp:term":[{"taxonomy":"product_brand","embeddable":true,"href":"https:\/\/lucaoccelli.com\/it\/wp-json\/wp\/v2\/product_brand?post=12191"},{"taxonomy":"product_cat","embeddable":true,"href":"https:\/\/lucaoccelli.com\/it\/wp-json\/wp\/v2\/product_cat?post=12191"},{"taxonomy":"product_tag","embeddable":true,"href":"https:\/\/lucaoccelli.com\/it\/wp-json\/wp\/v2\/product_tag?post=12191"}],"curies":[{"name":"wp","href":"https:\/\/api.w.org\/{rel}","templated":true}]}}